{"id":838,"date":"2021-08-18T14:32:07","date_gmt":"2021-08-18T14:32:07","guid":{"rendered":"https:\/\/saobacdautelecom.vn\/trang-giai-phap\/"},"modified":"2021-11-04T23:28:02","modified_gmt":"2021-11-04T16:28:02","slug":"trang-giai-phap","status":"publish","type":"page","link":"https:\/\/saobacdautelecom.vn\/en\/trang-giai-phap\/","title":{"rendered":"Gi\u1ea3i ph\u00e1p"},"content":{"rendered":"","protected":false},"excerpt":{"rendered":"","protected":false},"author":1,"featured_media":0,"parent":0,"menu_order":0,"comment_status":"closed","ping_status":"closed","template":"templates\/solution.php","meta":[],"yoast_head":"<!-- This site is optimized with the Yoast SEO plugin v17.4 - https:\/\/yoast.com\/wordpress\/plugins\/seo\/ -->\n<title>Gi\u1ea3i ph\u00e1p - Sao B\u1eafc \u0110\u1ea9u Telecom<\/title>\n<meta name=\"description\" content=\"V\u1edbi m\u1ee5c ti\u00eau \u0111\u00e1p \u1ee9ng \u0111\u01b0\u1ee3c \u0111a d\u1ea1ng nhu c\u1ea7u c\u1ee7a kh\u00e1ch h\u00e0ng, ch\u00fang t\u00f4i h\u01b0\u1edbng t\u1edbi ph\u00e1t tri\u1ec3n 1 h\u1ec7 sinh th\u00e1i - One-Stop-Shop, d\u00e0nh cho c\u00e1c s\u1ea3n ph\u1ea9m - d\u1ecbch v\u1ee5 \u0111i\u1ec7n to\u00e1n \u0111\u00e1m m\u00e2y\" \/>\n<meta name=\"robots\" content=\"index, follow, max-snippet:-1, max-image-preview:large, max-video-preview:-1\" \/>\n<link rel=\"canonical\" href=\"https:\/\/saobacdautelecom.vn\/en\/trang-giai-phap\/\" \/>\n<meta property=\"og:locale\" content=\"en_US\" \/>\n<meta property=\"og:type\" content=\"article\" \/>\n<meta property=\"og:title\" content=\"H\u1ec7 sinh th\u00e1i \u0111i\u1ec7n to\u00e1n \u0111\u00e1m m\u00e2y\" \/>\n<meta property=\"og:description\" content=\"V\u1edbi m\u1ee5c ti\u00eau \u0111\u00e1p \u1ee9ng \u0111\u01b0\u1ee3c \u0111a d\u1ea1ng nhu c\u1ea7u c\u1ee7a kh\u00e1ch h\u00e0ng, ch\u00fang t\u00f4i h\u01b0\u1edbng t\u1edbi ph\u00e1t tri\u1ec3n 1 h\u1ec7 sinh th\u00e1i - One-Stop-Shop, d\u00e0nh cho c\u00e1c s\u1ea3n ph\u1ea9m - d\u1ecbch v\u1ee5 \u0111i\u1ec7n to\u00e1n \u0111\u00e1m m\u00e2y\" \/>\n<meta property=\"og:url\" content=\"https:\/\/saobacdautelecom.vn\/en\/trang-giai-phap\/\" \/>\n<meta property=\"og:site_name\" content=\"Sao B\u1eafc \u0110\u1ea9u Telecom\" \/>\n<meta property=\"article:modified_time\" content=\"2021-11-04T16:28:02+00:00\" \/>\n<meta name=\"twitter:card\" content=\"summary_large_image\" \/>\n<script type=\"application\/ld+json\" class=\"yoast-schema-graph\">{\"@context\":\"https:\/\/schema.org\",\"@graph\":[{\"@type\":\"WebSite\",\"@id\":\"https:\/\/saobacdautelecom.vn\/#website\",\"url\":\"https:\/\/saobacdautelecom.vn\/\",\"name\":\"Sao B\\u1eafc \\u0110\\u1ea9u Telecom\",\"description\":\"Gi\\u1ea3i ph\\u00e1p chuy\\u1ec3n \\u0111\\u1ed5i s\\u1ed1 to\\u00e0n di\\u1ec7n &amp; hi\\u1ec7u qu\\u1ea3\",\"potentialAction\":[{\"@type\":\"SearchAction\",\"target\":{\"@type\":\"EntryPoint\",\"urlTemplate\":\"https:\/\/saobacdautelecom.vn\/?s={search_term_string}\"},\"query-input\":\"required name=search_term_string\"}],\"inLanguage\":\"en-US\"},{\"@type\":\"WebPage\",\"@id\":\"https:\/\/saobacdautelecom.vn\/en\/trang-giai-phap\/#webpage\",\"url\":\"https:\/\/saobacdautelecom.vn\/en\/trang-giai-phap\/\",\"name\":\"Gi\\u1ea3i ph\\u00e1p - Sao B\\u1eafc \\u0110\\u1ea9u Telecom\",\"isPartOf\":{\"@id\":\"https:\/\/saobacdautelecom.vn\/#website\"},\"datePublished\":\"2021-08-18T14:32:07+00:00\",\"dateModified\":\"2021-11-04T16:28:02+00:00\",\"description\":\"V\\u1edbi m\\u1ee5c ti\\u00eau \\u0111\\u00e1p \\u1ee9ng \\u0111\\u01b0\\u1ee3c \\u0111a d\\u1ea1ng nhu c\\u1ea7u c\\u1ee7a kh\\u00e1ch h\\u00e0ng, ch\\u00fang t\\u00f4i h\\u01b0\\u1edbng t\\u1edbi ph\\u00e1t tri\\u1ec3n 1 h\\u1ec7 sinh th\\u00e1i - One-Stop-Shop, d\\u00e0nh cho c\\u00e1c s\\u1ea3n ph\\u1ea9m - d\\u1ecbch v\\u1ee5 \\u0111i\\u1ec7n to\\u00e1n \\u0111\\u00e1m m\\u00e2y\",\"breadcrumb\":{\"@id\":\"https:\/\/saobacdautelecom.vn\/en\/trang-giai-phap\/#breadcrumb\"},\"inLanguage\":\"en-US\",\"potentialAction\":[{\"@type\":\"ReadAction\",\"target\":[\"https:\/\/saobacdautelecom.vn\/en\/trang-giai-phap\/\"]}]},{\"@type\":\"BreadcrumbList\",\"@id\":\"https:\/\/saobacdautelecom.vn\/en\/trang-giai-phap\/#breadcrumb\",\"itemListElement\":[{\"@type\":\"ListItem\",\"position\":1,\"name\":\"Home\",\"item\":\"https:\/\/saobacdautelecom.vn\/en\/\"},{\"@type\":\"ListItem\",\"position\":2,\"name\":\"Gi\\u1ea3i ph\\u00e1p\"}]}]}<\/script>\n<!-- \/ Yoast SEO plugin. -->","yoast_head_json":{"title":"Gi\u1ea3i ph\u00e1p - Sao B\u1eafc \u0110\u1ea9u Telecom","description":"V\u1edbi m\u1ee5c ti\u00eau \u0111\u00e1p \u1ee9ng \u0111\u01b0\u1ee3c \u0111a d\u1ea1ng nhu c\u1ea7u c\u1ee7a kh\u00e1ch h\u00e0ng, ch\u00fang t\u00f4i h\u01b0\u1edbng t\u1edbi ph\u00e1t tri\u1ec3n 1 h\u1ec7 sinh th\u00e1i - One-Stop-Shop, d\u00e0nh cho c\u00e1c s\u1ea3n ph\u1ea9m - d\u1ecbch v\u1ee5 \u0111i\u1ec7n to\u00e1n \u0111\u00e1m m\u00e2y","robots":{"index":"index","follow":"follow","max-snippet":"max-snippet:-1","max-image-preview":"max-image-preview:large","max-video-preview":"max-video-preview:-1"},"canonical":"https:\/\/saobacdautelecom.vn\/en\/trang-giai-phap\/","og_locale":"en_US","og_type":"article","og_title":"H\u1ec7 sinh th\u00e1i \u0111i\u1ec7n to\u00e1n \u0111\u00e1m m\u00e2y","og_description":"V\u1edbi m\u1ee5c ti\u00eau \u0111\u00e1p \u1ee9ng \u0111\u01b0\u1ee3c \u0111a d\u1ea1ng nhu c\u1ea7u c\u1ee7a kh\u00e1ch h\u00e0ng, ch\u00fang t\u00f4i h\u01b0\u1edbng t\u1edbi ph\u00e1t tri\u1ec3n 1 h\u1ec7 sinh th\u00e1i - One-Stop-Shop, d\u00e0nh cho c\u00e1c s\u1ea3n ph\u1ea9m - d\u1ecbch v\u1ee5 \u0111i\u1ec7n to\u00e1n \u0111\u00e1m m\u00e2y","og_url":"https:\/\/saobacdautelecom.vn\/en\/trang-giai-phap\/","og_site_name":"Sao B\u1eafc \u0110\u1ea9u Telecom","article_modified_time":"2021-11-04T16:28:02+00:00","twitter_card":"summary_large_image","schema":{"@context":"https:\/\/schema.org","@graph":[{"@type":"WebSite","@id":"https:\/\/saobacdautelecom.vn\/#website","url":"https:\/\/saobacdautelecom.vn\/","name":"Sao B\u1eafc \u0110\u1ea9u Telecom","description":"Gi\u1ea3i ph\u00e1p chuy\u1ec3n \u0111\u1ed5i s\u1ed1 to\u00e0n di\u1ec7n &amp; hi\u1ec7u qu\u1ea3","potentialAction":[{"@type":"SearchAction","target":{"@type":"EntryPoint","urlTemplate":"https:\/\/saobacdautelecom.vn\/?s={search_term_string}"},"query-input":"required name=search_term_string"}],"inLanguage":"en-US"},{"@type":"WebPage","@id":"https:\/\/saobacdautelecom.vn\/en\/trang-giai-phap\/#webpage","url":"https:\/\/saobacdautelecom.vn\/en\/trang-giai-phap\/","name":"Gi\u1ea3i ph\u00e1p - Sao B\u1eafc \u0110\u1ea9u Telecom","isPartOf":{"@id":"https:\/\/saobacdautelecom.vn\/#website"},"datePublished":"2021-08-18T14:32:07+00:00","dateModified":"2021-11-04T16:28:02+00:00","description":"V\u1edbi m\u1ee5c ti\u00eau \u0111\u00e1p \u1ee9ng \u0111\u01b0\u1ee3c \u0111a d\u1ea1ng nhu c\u1ea7u c\u1ee7a kh\u00e1ch h\u00e0ng, ch\u00fang t\u00f4i h\u01b0\u1edbng t\u1edbi ph\u00e1t tri\u1ec3n 1 h\u1ec7 sinh th\u00e1i - One-Stop-Shop, d\u00e0nh cho c\u00e1c s\u1ea3n ph\u1ea9m - d\u1ecbch v\u1ee5 \u0111i\u1ec7n to\u00e1n \u0111\u00e1m m\u00e2y","breadcrumb":{"@id":"https:\/\/saobacdautelecom.vn\/en\/trang-giai-phap\/#breadcrumb"},"inLanguage":"en-US","potentialAction":[{"@type":"ReadAction","target":["https:\/\/saobacdautelecom.vn\/en\/trang-giai-phap\/"]}]},{"@type":"BreadcrumbList","@id":"https:\/\/saobacdautelecom.vn\/en\/trang-giai-phap\/#breadcrumb","itemListElement":[{"@type":"ListItem","position":1,"name":"Home","item":"https:\/\/saobacdautelecom.vn\/en\/"},{"@type":"ListItem","position":2,"name":"Gi\u1ea3i ph\u00e1p"}]}]}},"_links":{"self":[{"href":"https:\/\/saobacdautelecom.vn\/en\/wp-json\/wp\/v2\/pages\/838"}],"collection":[{"href":"https:\/\/saobacdautelecom.vn\/en\/wp-json\/wp\/v2\/pages"}],"about":[{"href":"https:\/\/saobacdautelecom.vn\/en\/wp-json\/wp\/v2\/types\/page"}],"author":[{"embeddable":true,"href":"https:\/\/saobacdautelecom.vn\/en\/wp-json\/wp\/v2\/users\/1"}],"replies":[{"embeddable":true,"href":"https:\/\/saobacdautelecom.vn\/en\/wp-json\/wp\/v2\/comments?post=838"}],"version-history":[{"count":2,"href":"https:\/\/saobacdautelecom.vn\/en\/wp-json\/wp\/v2\/pages\/838\/revisions"}],"predecessor-version":[{"id":2600,"href":"https:\/\/saobacdautelecom.vn\/en\/wp-json\/wp\/v2\/pages\/838\/revisions\/2600"}],"wp:attachment":[{"href":"https:\/\/saobacdautelecom.vn\/en\/wp-json\/wp\/v2\/media?parent=838"}],"curies":[{"name":"wp","href":"https:\/\/api.w.org\/{rel}","templated":true}]}}