{"id":842,"date":"2021-08-13T14:44:40","date_gmt":"2021-08-13T14:44:40","guid":{"rendered":"https:\/\/saobacdautelecom.vn\/gioi-thieu\/"},"modified":"2021-11-25T10:11:25","modified_gmt":"2021-11-25T03:11:25","slug":"gioi-thieu","status":"publish","type":"page","link":"https:\/\/saobacdautelecom.vn\/en\/gioi-thieu\/","title":{"rendered":"Gi\u1edbi thi\u1ec7u"},"content":{"rendered":"","protected":false},"excerpt":{"rendered":"","protected":false},"author":1,"featured_media":0,"parent":0,"menu_order":0,"comment_status":"closed","ping_status":"closed","template":"templates\/about.php","meta":[],"yoast_head":"<!-- This site is optimized with the Yoast SEO plugin v17.4 - https:\/\/yoast.com\/wordpress\/plugins\/seo\/ -->\n<title>Gi\u1edbi thi\u1ec7u - Sao B\u1eafc \u0110\u1ea9u Telecom<\/title>\n<meta name=\"description\" content=\"Ti\u00ean phong trong \u0111\u00e1p \u1ee9ng \u0111a d\u1ea1ng d\u1ecbch v\u1ee5 v\u00e0 c\u00f4ng ngh\u1ec7 \u0111i\u1ec7n to\u00e1n \u0111\u00e1m m\u00e2y v\u1edbi mong mu\u1ed1n \u0111em l\u1ea1i gi\u1ea3i ph\u00e1p to\u00e0n di\u1ec7n v\u00e0 hi\u1ec7u qu\u1ea3 nh\u1ea5t t\u1edbi kh\u00e1ch h\u00e0ng.\" \/>\n<meta name=\"robots\" content=\"index, follow, max-snippet:-1, max-image-preview:large, max-video-preview:-1\" \/>\n<link rel=\"canonical\" href=\"https:\/\/saobacdautelecom.vn\/en\/gioi-thieu\/\" \/>\n<meta property=\"og:locale\" content=\"en_US\" \/>\n<meta property=\"og:type\" content=\"article\" \/>\n<meta property=\"og:title\" content=\"Sao B\u1eafc \u0110\u1ea9u Telecom\" \/>\n<meta property=\"og:description\" content=\"Ti\u00ean phong trong \u0111\u00e1p \u1ee9ng \u0111a d\u1ea1ng d\u1ecbch v\u1ee5 v\u00e0 c\u00f4ng ngh\u1ec7 \u0111i\u1ec7n to\u00e1n \u0111\u00e1m m\u00e2y v\u1edbi mong mu\u1ed1n \u0111em l\u1ea1i gi\u1ea3i ph\u00e1p to\u00e0n di\u1ec7n v\u00e0 hi\u1ec7u qu\u1ea3 nh\u1ea5t t\u1edbi kh\u00e1ch h\u00e0ng.\" \/>\n<meta property=\"og:url\" content=\"https:\/\/saobacdautelecom.vn\/en\/gioi-thieu\/\" \/>\n<meta property=\"og:site_name\" content=\"Sao B\u1eafc \u0110\u1ea9u Telecom\" \/>\n<meta property=\"article:modified_time\" content=\"2021-11-25T03:11:25+00:00\" \/>\n<meta name=\"twitter:card\" content=\"summary_large_image\" \/>\n<script type=\"application\/ld+json\" class=\"yoast-schema-graph\">{\"@context\":\"https:\/\/schema.org\",\"@graph\":[{\"@type\":\"WebSite\",\"@id\":\"https:\/\/saobacdautelecom.vn\/#website\",\"url\":\"https:\/\/saobacdautelecom.vn\/\",\"name\":\"Sao B\\u1eafc \\u0110\\u1ea9u Telecom\",\"description\":\"Gi\\u1ea3i ph\\u00e1p chuy\\u1ec3n \\u0111\\u1ed5i s\\u1ed1 to\\u00e0n di\\u1ec7n &amp; hi\\u1ec7u qu\\u1ea3\",\"potentialAction\":[{\"@type\":\"SearchAction\",\"target\":{\"@type\":\"EntryPoint\",\"urlTemplate\":\"https:\/\/saobacdautelecom.vn\/?s={search_term_string}\"},\"query-input\":\"required name=search_term_string\"}],\"inLanguage\":\"en-US\"},{\"@type\":\"WebPage\",\"@id\":\"https:\/\/saobacdautelecom.vn\/en\/gioi-thieu\/#webpage\",\"url\":\"https:\/\/saobacdautelecom.vn\/en\/gioi-thieu\/\",\"name\":\"Gi\\u1edbi thi\\u1ec7u - Sao B\\u1eafc \\u0110\\u1ea9u Telecom\",\"isPartOf\":{\"@id\":\"https:\/\/saobacdautelecom.vn\/#website\"},\"datePublished\":\"2021-08-13T14:44:40+00:00\",\"dateModified\":\"2021-11-25T03:11:25+00:00\",\"description\":\"Ti\\u00ean phong trong \\u0111\\u00e1p \\u1ee9ng \\u0111a d\\u1ea1ng d\\u1ecbch v\\u1ee5 v\\u00e0 c\\u00f4ng ngh\\u1ec7 \\u0111i\\u1ec7n to\\u00e1n \\u0111\\u00e1m m\\u00e2y v\\u1edbi mong mu\\u1ed1n \\u0111em l\\u1ea1i gi\\u1ea3i ph\\u00e1p to\\u00e0n di\\u1ec7n v\\u00e0 hi\\u1ec7u qu\\u1ea3 nh\\u1ea5t t\\u1edbi kh\\u00e1ch h\\u00e0ng.\",\"breadcrumb\":{\"@id\":\"https:\/\/saobacdautelecom.vn\/en\/gioi-thieu\/#breadcrumb\"},\"inLanguage\":\"en-US\",\"potentialAction\":[{\"@type\":\"ReadAction\",\"target\":[\"https:\/\/saobacdautelecom.vn\/en\/gioi-thieu\/\"]}]},{\"@type\":\"BreadcrumbList\",\"@id\":\"https:\/\/saobacdautelecom.vn\/en\/gioi-thieu\/#breadcrumb\",\"itemListElement\":[{\"@type\":\"ListItem\",\"position\":1,\"name\":\"Home\",\"item\":\"https:\/\/saobacdautelecom.vn\/en\/\"},{\"@type\":\"ListItem\",\"position\":2,\"name\":\"Gi\\u1edbi thi\\u1ec7u\"}]}]}<\/script>\n<!-- \/ Yoast SEO plugin. -->","yoast_head_json":{"title":"Gi\u1edbi thi\u1ec7u - Sao B\u1eafc \u0110\u1ea9u Telecom","description":"Ti\u00ean phong trong \u0111\u00e1p \u1ee9ng \u0111a d\u1ea1ng d\u1ecbch v\u1ee5 v\u00e0 c\u00f4ng ngh\u1ec7 \u0111i\u1ec7n to\u00e1n \u0111\u00e1m m\u00e2y v\u1edbi mong mu\u1ed1n \u0111em l\u1ea1i gi\u1ea3i ph\u00e1p to\u00e0n di\u1ec7n v\u00e0 hi\u1ec7u qu\u1ea3 nh\u1ea5t t\u1edbi kh\u00e1ch h\u00e0ng.","robots":{"index":"index","follow":"follow","max-snippet":"max-snippet:-1","max-image-preview":"max-image-preview:large","max-video-preview":"max-video-preview:-1"},"canonical":"https:\/\/saobacdautelecom.vn\/en\/gioi-thieu\/","og_locale":"en_US","og_type":"article","og_title":"Sao B\u1eafc \u0110\u1ea9u Telecom","og_description":"Ti\u00ean phong trong \u0111\u00e1p \u1ee9ng \u0111a d\u1ea1ng d\u1ecbch v\u1ee5 v\u00e0 c\u00f4ng ngh\u1ec7 \u0111i\u1ec7n to\u00e1n \u0111\u00e1m m\u00e2y v\u1edbi mong mu\u1ed1n \u0111em l\u1ea1i gi\u1ea3i ph\u00e1p to\u00e0n di\u1ec7n v\u00e0 hi\u1ec7u qu\u1ea3 nh\u1ea5t t\u1edbi kh\u00e1ch h\u00e0ng.","og_url":"https:\/\/saobacdautelecom.vn\/en\/gioi-thieu\/","og_site_name":"Sao B\u1eafc \u0110\u1ea9u Telecom","article_modified_time":"2021-11-25T03:11:25+00:00","twitter_card":"summary_large_image","schema":{"@context":"https:\/\/schema.org","@graph":[{"@type":"WebSite","@id":"https:\/\/saobacdautelecom.vn\/#website","url":"https:\/\/saobacdautelecom.vn\/","name":"Sao B\u1eafc \u0110\u1ea9u Telecom","description":"Gi\u1ea3i ph\u00e1p chuy\u1ec3n \u0111\u1ed5i s\u1ed1 to\u00e0n di\u1ec7n &amp; hi\u1ec7u qu\u1ea3","potentialAction":[{"@type":"SearchAction","target":{"@type":"EntryPoint","urlTemplate":"https:\/\/saobacdautelecom.vn\/?s={search_term_string}"},"query-input":"required name=search_term_string"}],"inLanguage":"en-US"},{"@type":"WebPage","@id":"https:\/\/saobacdautelecom.vn\/en\/gioi-thieu\/#webpage","url":"https:\/\/saobacdautelecom.vn\/en\/gioi-thieu\/","name":"Gi\u1edbi thi\u1ec7u - Sao B\u1eafc \u0110\u1ea9u Telecom","isPartOf":{"@id":"https:\/\/saobacdautelecom.vn\/#website"},"datePublished":"2021-08-13T14:44:40+00:00","dateModified":"2021-11-25T03:11:25+00:00","description":"Ti\u00ean phong trong \u0111\u00e1p \u1ee9ng \u0111a d\u1ea1ng d\u1ecbch v\u1ee5 v\u00e0 c\u00f4ng ngh\u1ec7 \u0111i\u1ec7n to\u00e1n \u0111\u00e1m m\u00e2y v\u1edbi mong mu\u1ed1n \u0111em l\u1ea1i gi\u1ea3i ph\u00e1p to\u00e0n di\u1ec7n v\u00e0 hi\u1ec7u qu\u1ea3 nh\u1ea5t t\u1edbi kh\u00e1ch h\u00e0ng.","breadcrumb":{"@id":"https:\/\/saobacdautelecom.vn\/en\/gioi-thieu\/#breadcrumb"},"inLanguage":"en-US","potentialAction":[{"@type":"ReadAction","target":["https:\/\/saobacdautelecom.vn\/en\/gioi-thieu\/"]}]},{"@type":"BreadcrumbList","@id":"https:\/\/saobacdautelecom.vn\/en\/gioi-thieu\/#breadcrumb","itemListElement":[{"@type":"ListItem","position":1,"name":"Home","item":"https:\/\/saobacdautelecom.vn\/en\/"},{"@type":"ListItem","position":2,"name":"Gi\u1edbi thi\u1ec7u"}]}]}},"_links":{"self":[{"href":"https:\/\/saobacdautelecom.vn\/en\/wp-json\/wp\/v2\/pages\/842"}],"collection":[{"href":"https:\/\/saobacdautelecom.vn\/en\/wp-json\/wp\/v2\/pages"}],"about":[{"href":"https:\/\/saobacdautelecom.vn\/en\/wp-json\/wp\/v2\/types\/page"}],"author":[{"embeddable":true,"href":"https:\/\/saobacdautelecom.vn\/en\/wp-json\/wp\/v2\/users\/1"}],"replies":[{"embeddable":true,"href":"https:\/\/saobacdautelecom.vn\/en\/wp-json\/wp\/v2\/comments?post=842"}],"version-history":[{"count":12,"href":"https:\/\/saobacdautelecom.vn\/en\/wp-json\/wp\/v2\/pages\/842\/revisions"}],"predecessor-version":[{"id":3324,"href":"https:\/\/saobacdautelecom.vn\/en\/wp-json\/wp\/v2\/pages\/842\/revisions\/3324"}],"wp:attachment":[{"href":"https:\/\/saobacdautelecom.vn\/en\/wp-json\/wp\/v2\/media?parent=842"}],"curies":[{"name":"wp","href":"https:\/\/api.w.org\/{rel}","templated":true}]}}