{"id":845,"date":"2021-08-07T15:59:09","date_gmt":"2021-08-07T15:59:09","guid":{"rendered":"https:\/\/saobacdautelecom.vn\/?page_id=845"},"modified":"2022-06-02T10:42:38","modified_gmt":"2022-06-02T03:42:38","slug":"dieu-khoan-su-dung","status":"publish","type":"page","link":"https:\/\/saobacdautelecom.vn\/en\/dieu-khoan-su-dung\/","title":{"rendered":"\u0110i\u1ec1u kho\u1ea3n s\u1eed d\u1ee5ng"},"content":{"rendered":"\r\n<h2>I. TR\u00c1CH NHI\u1ec6M C\u1ee6A KH\u00c1CH H\u00c0NG<\/h2>\r\n<p>Kh\u00e1ch h\u00e0ng s\u1eed d\u1ee5ng d\u1ecbch v\u1ee5 SBD Telecom lu\u00f4n c\u00f3 \u0111\u1ea7y \u0111\u1ee7 c\u00e1c quy\u1ec1n v\u00e0 ngh\u0129a v\u1ee5 c\u1ee7a b\u00ean thu\u00ea d\u1ecbch v\u1ee5 \u2013 theo quy \u0111\u1ecbnh t\u1ea1i B\u1ed9 lu\u1eadt d\u00e2n s\u1ef1 v\u00e0 Lu\u1eadt th\u01b0\u01a1ng m\u1ea1i Vi\u1ec7t Nam. \u0110\u1ec3 \u0111\u1ea3m b\u1ea3o quy\u1ec1n l\u1ee3i t\u1ed1t nh\u1ea5t, Kh\u00e1ch h\u00e0ng c\u0169ng c\u1ea7n tu\u00e2n th\u1ee7 m\u1ed9t s\u1ed1 quy \u0111\u1ecbnh sau \u0111\u00e2y:<\/p>\r\n<ol>\r\n<li>Kh\u00e1ch h\u00e0ng c\u00f3 tr\u00e1ch nhi\u1ec7m t\u1ef1 b\u1ea3o m\u1eadt th\u00f4ng tin \u0111\u0103ng nh\u1eadp v\u00e0o h\u1ec7 th\u1ed1ng website ho\u1eb7c th\u00f4ng tin \u0111\u0103ng nh\u1eadp v\u00e0o c\u1ed5ng th\u00f4ng tin d\u1ecbch v\u1ee5 d\u00e0nh cho Kh\u00e1ch h\u00e0ng t\u1ea1i SBD Telecom. Kh\u00e1ch h\u00e0ng c\u00f3 tr\u00e1ch nhi\u1ec7m th\u00f4ng b\u00e1o v\u1edbi ch\u00fang t\u00f4i n\u1ebfu ph\u00e1t hi\u1ec7n h\u00e0nh vi s\u1eed d\u1ee5ng m\u1eadt kh\u1ea9u tr\u00e1i ph\u00e9p.<\/li>\r\n<li>Kh\u00e1ch h\u00e0ng t\u1ef1 ch\u1ecbu tr\u00e1ch nhi\u1ec7m nh\u1eefng n\u1ed9i dung \u0111\u0103ng t\u1ea3i l\u00ean website v\u00e0 l\u01b0u tr\u1eef t\u1ea1i m\u00e1y ch\u1ee7 SBD Telecom tr\u01b0\u1edbc ph\u00e1p lu\u1eadt khi c\u00f3 tranh ch\u1ea5p, khi\u1ebfu ki\u1ec7n.<\/li>\r\n<li>Kh\u00e1ch h\u00e0ng c\u00f3 tr\u00e1ch nhi\u1ec7m t\u1ef1 b\u1ea3o qu\u1ea3n v\u00e0 duy tr\u00ec website v\u00e0 t\u1ef1 ch\u1ecbu tr\u00e1ch nhi\u1ec7m n\u1ebfu h\u1eadu qu\u1ea3 thi\u1ec7t h\u1ea1i x\u1ea3y ra do s\u1ef1 ch\u1ee7 quan ho\u1eb7c qu\u1ea3n l\u00fd l\u1ecfng l\u1ebbo c\u1ee7a Kh\u00e1ch h\u00e0ng.<\/li>\r\n<li>Kh\u00e1ch h\u00e0ng c\u00f3 tr\u00e1ch nhi\u1ec7m t\u1ef1 b\u1ea3o qu\u1ea3n v\u00e0 duy tr\u00ec d\u1eef li\u1ec7u, m\u00e3 ngu\u1ed3n tr\u00ean h\u1ec7 th\u1ed1ng l\u01b0u tr\u1eef c\u1ee7a SBD Telecom. SBD Telecom s\u1ebd kh\u00f4ng ch\u1ecbu tr\u00e1ch nhi\u1ec7m v\u1edbi c\u00e1c s\u1ef1 c\u1ed1 m\u1ea5t m\u00e1t d\u1eef li\u1ec7u do kh\u1ea3 n\u0103ng s\u1eed d\u1ee5ng v\u00e0 b\u1ea3o m\u1eadt l\u1ecfng l\u1ebbo c\u1ee7a Kh\u00e1ch h\u00e0ng g\u00e2y ra.<\/li>\r\n<li>Kh\u00e1ch h\u00e0ng c\u00f3 tr\u00e1ch nhi\u1ec7m cung c\u1ea5p th\u00f4ng tin ch\u00ednh x\u00e1c c\u1ee7a ng\u01b0\u1eddi ho\u1eb7c t\u1ed5 ch\u1ee9c \u0111\u0103ng k\u00fd d\u1ecbch v\u1ee5, v\u00e0 ph\u1ea3i \u0111\u1ea3m b\u1ea3o c\u00e1c gi\u1ea5y t\u1edd c\u00f3 li\u00ean quan \u0111\u01b0\u1ee3c g\u1eedi cho ch\u00fang t\u00f4i l\u00e0 ch\u00ednh x\u00e1c nh\u01b0 CMND, H\u1ed9 chi\u1ebfu, gi\u1ea5y t\u1edd c\u00e1 nh\u00e2n, \u2026 khi c\u00f3 y\u00eau c\u1ea7u.<\/li>\r\n<li>Sao l\u01b0u to\u00e0n b\u1ed9 d\u1eef li\u1ec7u tr\u01b0\u1edbc khi g\u1eedi y\u00eau c\u1ea7u h\u1ed7 tr\u1ee3 d\u1ecbch v\u1ee5 (tr\u1eeb tr\u01b0\u1eddng h\u1ee3p b\u1ea5t kh\u1ea3 kh\u00e1ng)<\/li>\r\n<\/ol>\r\n<hr \/>\r\n<h2>II. TR\u00c1CH NHI\u1ec6M C\u1ee6A NH\u00c0 CUNG C\u1ea4P D\u1ecaCH V\u1ee4<\/h2>\r\n<p>V\u1edbi t\u01b0 c\u00e1ch l\u00e0 nh\u00e0 cung c\u1ea5p d\u1ecbch v\u1ee5 SBD Telecom, ch\u00fang t\u00f4i c\u00f3 \u0111\u1ea7y \u0111\u1ee7 c\u00e1c quy\u1ec1n v\u00e0 ngh\u0129a v\u1ee5 c\u1ee7a b\u00ean cung \u1ee9ng d\u1ecbch v\u1ee5 theo quy \u0111\u1ecbnh t\u1ea1i B\u1ed9 lu\u1eadt d\u00e2n s\u1ef1 v\u00e0 Lu\u1eadt th\u01b0\u01a1ng m\u1ea1i. Nh\u00e0 cung c\u1ea5p d\u1ecbch v\u1ee5 c\u00f3 tr\u00e1ch nhi\u1ec7m d\u01b0\u1edbi \u0111\u00e2y:<\/p>\r\n<ol>\r\n<li>Cung c\u1ea5p d\u1ecbch v\u1ee5 v\u1edbi th\u00f4ng s\u1ed1 k\u1ef9 thu\u1eadt \u0111\u00fang nh\u01b0 cam k\u1ebft tr\u00ean h\u1ee3p \u0111\u1ed3ng<\/li>\r\n<li>C\u00f3 tr\u00e1ch nhi\u1ec7m h\u1ed7 tr\u1ee3 Kh\u00e1ch h\u00e0ng xuy\u00ean su\u1ed1t trong th\u1eddi gian s\u1eed d\u1ee5ng d\u1ecbch v\u1ee5 t\u00f9y theo ch\u00ednh s\u00e1ch h\u1ed7 tr\u1ee3 theo \u0111i\u1ec1u kho\u1ea3n s\u1eed d\u1ee5ng.<\/li>\r\n<li>Th\u00f4ng b\u00e1o \u0111\u1ea7y \u0111\u1ee7 cho Kh\u00e1ch h\u00e0ng khi c\u00f3 l\u1ecbch b\u1ea3o tr\u00ec d\u1ecbch v\u1ee5 ho\u1eb7c thay \u0111\u1ed5i trong d\u1ecbch v\u1ee5.<\/li>\r\n<li>Th\u1ef1c hi\u1ec7n \u0111\u00fang v\u1edbi c\u00e1c cam k\u1ebft kh\u00e1c trong v\u0103n b\u1ea3n n\u00e0y v\u00e0 nh\u1eefng v\u0103n b\u1ea3n ph\u00e1p l\u00fd li\u00ean quan.<\/li>\r\n<\/ol>\r\n<hr \/>\r\n<h2>III. CH\u00cdNH S\u00c1CH V\u00c0 QUY \u0110\u1ecaNH S\u1eec D\u1ee4NG D\u1ecaCH V\u1ee4<\/h2>\r\n<p>Ch\u00fang t\u00f4i c\u00f3 quy\u1ec1n kh\u00f3a d\u1ecbch v\u1ee5 c\u1ee7a Kh\u00e1ch h\u00e0ng ho\u1eb7c t\u1eeb ch\u1ed1i ph\u1ee5c v\u1ee5 Kh\u00e1ch h\u00e0ng trong t\u01b0\u01a1ng lai n\u1ebfu vi ph\u1ea1m m\u1ed9t trong c\u00e1c quy \u0111\u1ecbnh s\u1eed d\u1ee5ng sau \u0111\u00e2y:<\/p>\r\n<ol>\r\n<li>S\u1eed d\u1ee5ng d\u1ecbch v\u1ee5 \u0111\u1ec3 th\u1ef1c hi\u1ec7n c\u00e1c h\u00e0nh vi vi ph\u1ea1m ph\u00e1p lu\u1eadt c\u1ee7a Nh\u00e0 n\u01b0\u1edbc CHXHCN Vi\u1ec7t Nam hi\u1ec7n h\u00e0nh v\u00e0 c\u00e1c quy \u0111\u1ecbnh qu\u1ed1c t\u1ebf \u0111ang \u0111\u01b0\u1ee3c \u00e1p d\u1ee5ng t\u1ea1i Vi\u1ec7t Nam.<\/li>\r\n<li>S\u1eed d\u1ee5ng d\u1ecbch v\u1ee5 \u0111\u1ec3 truy\u1ec1n b\u00e1 c\u00e1c n\u1ed9i dung nh\u1ea1y c\u1ea3m, v\u0103n h\u00f3a ph\u1ea9m \u0111\u1ed3i tr\u1ee5y \u1ea3nh h\u01b0\u1edfng \u0111\u1ebfn thu\u1ea7n phong m\u1ef9 t\u1ee5c Vi\u1ec7t Nam.<\/li>\r\n<li>Truy\u1ec1n b\u00e1 t\u01b0 t\u01b0\u1edfng, v\u0103n ho\u00e1 ph\u1ea3n \u0111\u1ed9ng c\u00e1c h\u00e0nh vi t\u1ed9i \u00e1c, t\u1ec7 n\u1ea1n x\u00e3 h\u1ed9i, m\u00ea t\u00edn d\u1ecb \u0111oan, xuy\u00ean t\u1ea1c l\u1ecbch s\u1eed, ph\u1ee7 nh\u1eadn th\u00e0nh t\u1ef1u c\u00e1ch m\u1ea1ng, x\u00fac ph\u1ea1m v\u0129 nh\u00e2n, anh h\u00f9ng d\u00e2n t\u1ed9c, vu kh\u1ed1ng, x\u00fac ph\u1ea1m uy t\u00edn c\u1ee7a t\u1ed5 ch\u1ee9c, danh d\u1ef1 v\u00e0 nh\u00e2n ph\u1ea9m c\u1ee7a c\u00f4ng d\u00e2n<\/li>\r\n<li>S\u1eed d\u1ee5ng d\u1ecbch v\u1ee5 m\u00e1y ch\u1ee7 ho\u1eb7c t\u00e0i nguy\u00ean m\u00e1y ch\u1ee7 \u0111\u1ec3 ph\u00e1t t\u00e1n th\u01b0 SPAM (th\u01b0 r\u00e1c), th\u01b0 qu\u1ea3ng c\u00e1o, BULK, MASS MAIL,\u2026.ho\u1eb7c c\u00e1c h\u00ecnh th\u1ee9c g\u1eedi email t\u1eeb m\u00e1y ch\u1ee7 cho v\u1edbi s\u1ed1 l\u01b0\u1ee3ng email l\u00e0m \u1ea3nh h\u01b0\u1edfng \u0111\u1ebfn uy t\u00edn c\u1ee7a c\u00e1c d\u00e3y IP t\u1ea1i SBD Telecom.<\/li>\r\n<li>Ph\u00e1t t\u00e1n v\u00e0 l\u01b0u tr\u1eef c\u00e1c lo\u1ea1i m\u00e3 \u0111\u1ed9c nh\u1eb1m m\u1ee5c \u0111\u00edch t\u1ea5n c\u00f4ng website kh\u00e1c, ho\u1eb7c m\u1ee5c \u0111\u00edch ph\u00e1 ho\u1ea1i h\u1ec7 th\u1ed1ng c\u1ee7a SBD Telecom nh\u01b0 Botnet, DDoS, Malware, Virus, Phishing. Bao g\u1ed3m tr\u01b0\u1eddng h\u1ee3p website ch\u1ee9a m\u00e3 \u0111\u1ed9c m\u1ed9t c\u00e1ch v\u00f4 \u00fd (kh\u00f4ng c\u00f3 ch\u1ee7 \u0111\u00edch).<\/li>\r\n<li>S\u1eed d\u1ee5ng d\u1ecbch v\u1ee5 m\u00e1y ch\u1ee7 \u0111\u1ec3 l\u01b0u tr\u1eef website m\u1ea1o danh c\u00e1 nh\u00e2n, t\u1ed5 ch\u1ee9c g\u00e2y \u1ea3nh h\u01b0\u1edfng danh d\u1ef1 v\u00e0 uy t\u00edn cho ng\u01b0\u1eddi kh\u00e1c.<\/li>\r\n<li>S\u1eed d\u1ee5ng c\u00e1c ph\u1ea7n m\u1ec1m l\u1ea1m d\u1ee5ng CPU v\u00e0 c\u00e1c t\u00e0i nguy\u00ean kh\u00e1c c\u1ee7a m\u00e1y ch\u1ee7 nh\u01b0 \u0111\u00e0o coin (Coin Mining), c\u00e1c ph\u1ea7n m\u1ec1m trao \u0111\u1ed5i l\u01b0\u1ee3t xem Website nh\u01b0 Hitleap ho\u1eb7c t\u01b0\u01a1ng t\u1ef1, \u2026<\/li>\r\n<li>S\u1eed d\u1ee5ng d\u1ecbch v\u1ee5 \u0111\u1ec3 l\u01b0u tr\u1eef n\u1ed9i dung s\u1ed1 vi ph\u1ea1m b\u1ea3n quy\u1ec1n, t\u00e1c quy\u1ec1n.<\/li>\r\n<li>S\u1eed d\u1ee5ng d\u1ecbch v\u1ee5 vi ph\u1ea1m b\u1ea3n quy\u1ec1n s\u1edf h\u1eefu tr\u00ed tu\u1ec7.<\/li>\r\n<\/ol>\r\n<hr \/>\r\n<h2>IV. NG\u1eeaNG CUNG C\u1ea4P D\u1ecaCH V\u1ee4 V\u00c0 X\u00d3A V\u0128NH VI\u1ec4N D\u1ecaCH V\u1ee4<\/h2>\r\n<h3>4.1. Ng\u1eebng cung c\u1ea5p d\u1ecbch v\u1ee5:<\/h3>\r\n<p>SBD Telecom s\u1ebd ng\u1eebng cung c\u1ea5p d\u1ecbch v\u1ee5 trong c\u00e1c tr\u01b0\u1eddng h\u1ee3p sau:<\/p>\r\n<ol>\r\n<li>Qu\u00e1 7 ng\u00e0y k\u1ec3 t\u1eeb ng\u00e0y xu\u1ea5t h\u00f3a \u0111\u01a1n m\u00e0 kh\u00e1ch h\u00e0ng ch\u01b0a thanh to\u00e1n chi ph\u00ed.<\/li>\r\n<li>Kh\u00e1ch h\u00e0ng vi ph\u1ea1m c\u00e1c h\u00ecnh th\u1ee9c quy \u0111\u1ecbnh \u1edf m\u1ee5c III. \u0111i\u1ec1u kho\u1ea3n n\u00e0y.<\/li>\r\n<li>Kh\u00e1ch h\u00e0ng khai b\u00e1o th\u00f4ng tin (t\u00ean, s\u1ed1 \u0111i\u1ec7n tho\u1ea1i\u2026) kh\u00f4ng \u0111\u00fang nh\u1eb1m t\u00ecm c\u00e1ch gian l\u1eadn s\u1eed d\u1ee5ng ho\u1eb7c thanh to\u00e1n.<\/li>\r\n<li>C\u00e1c t\u00e0i kho\u1ea3n c\u00f3 d\u1ea5u hi\u1ec7u b\u1ea5t th\u01b0\u1eddng nh\u01b0: m\u1ed9t ng\u01b0\u1eddi s\u1eed d\u1ee5ng th\u1eed nhi\u1ec1u t\u00e0i kho\u1ea3n, nhi\u1ec1u t\u00e0i kho\u1ea3n x\u00e1c th\u1ef1c c\u00f9ng m\u1ed9t s\u1ed1 \u0111i\u1ec7n tho\u1ea1i, c\u00e1c t\u00e0i kho\u1ea3n t\u01b0\u01a1ng t\u1ef1 nhau.<\/li>\r\n<li>C\u00e1c tr\u01b0\u1eddng h\u1ee3p ph\u00e1t sinh do SBD Telecom quy \u0111\u1ecbnh.<\/li>\r\n<\/ol>\r\n<h3>4.2. X\u00f3a v\u0129nh vi\u1ec5n d\u1ecbch v\u1ee5:<\/h3>\r\n<p>SBD Telecom s\u1ebd x\u00f3a v\u0129nh vi\u1ec5n d\u1ecbch v\u1ee5 trong c\u00e1c tr\u01b0\u1eddng h\u1ee3p sau:<\/p>\r\n<ol>\r\n<li>Sau 15 ng\u00e0y k\u1ec3 t\u1eeb ng\u00e0y xu\u1ea5t h\u00f3a \u0111\u01a1n m\u00e0 kh\u00e1ch h\u00e0ng ch\u01b0a thanh to\u00e1n chi ph\u00ed.<\/li>\r\n<li>Kh\u00e1ch h\u00e0ng vi ph\u1ea1m c\u00e1c h\u00ecnh th\u1ee9c quy \u0111\u1ecbnh \u1edf m\u1ee5c III. \u0111i\u1ec1u kho\u1ea3n n\u00e0y.<\/li>\r\n<li>Kh\u00e1ch h\u00e0ng khai b\u00e1o th\u00f4ng tin (t\u00ean, s\u1ed1 \u0111i\u1ec7n tho\u1ea1i\u2026) kh\u00f4ng \u0111\u00fang nh\u1eb1m t\u00ecm c\u00e1ch gian l\u1eadn s\u1eed d\u1ee5ng ho\u1eb7c thanh to\u00e1n.<\/li>\r\n<li>C\u00e1c t\u00e0i kho\u1ea3n c\u00f3 d\u1ea5u hi\u1ec7u b\u1ea5t th\u01b0\u1eddng nh\u01b0: m\u1ed9t ng\u01b0\u1eddi s\u1eed d\u1ee5ng th\u1eed nhi\u1ec1u t\u00e0i kho\u1ea3n, nhi\u1ec1u t\u00e0i kho\u1ea3n x\u00e1c th\u1ef1c c\u00f9ng m\u1ed9t s\u1ed1 \u0111i\u1ec7n tho\u1ea1i, c\u00e1c t\u00e0i kho\u1ea3n t\u01b0\u01a1ng t\u1ef1 nhau v\u1edbi t\u1ea7n su\u1ea5t cao.<\/li>\r\n<li>C\u00e1c tr\u01b0\u1eddng h\u1ee3p ph\u00e1t sinh do SBD Telecom quy \u0111\u1ecbnh.<\/li>\r\n<\/ol>\r\n<hr \/>\r\n<h2>V. SAO L\u01afU PH\u1ee4C H\u1ed2I D\u1eee LI\u1ec6U<\/h2>\r\n<ol>\r\n<li>C\u00e1c g\u00f3i d\u1ecbch v\u1ee5 m\u00e1y ch\u1ee7 \u1ea3o m\u1eb7c \u0111\u1ecbnh c\u00f3 k\u00e8m theo d\u1ecbch v\u1ee5 sao l\u01b0u d\u1eef li\u1ec7u 1 th\u00e1ng\/l\u1ea7n, n\u1ebfu kh\u00e1ch h\u00e0ng c\u00f3 nhu c\u1ea7u sao l\u01b0u nhi\u1ec1u h\u01a1n vui l\u00f2ng li\u00ean h\u1ec7 v\u1edbi nh\u00f3m h\u1ed7 tr\u1ee3 kh\u00e1ch h\u00e0ng c\u1ee7a SBD Telecom \u0111\u1ec3 \u0111\u01b0\u1ee3c h\u01b0\u1edbng d\u1eabn th\u1ef1c hi\u1ec7n sao l\u01b0u d\u1eef li\u1ec7u tr\u1ef1c ti\u1ebfp tr\u00ean server ho\u1eb7c s\u1eed d\u1ee5ng th\u00eam g\u00f3i d\u1ecbch v\u1ee5 sao l\u01b0u d\u1eef li\u1ec7u n\u1ebfu c\u1ea7n thi\u1ebft.<\/li>\r\n<li>SBD Telecom kh\u00f4ng ch\u1ecbu tr\u00e1ch nhi\u1ec7m v\u1ec1 nh\u1eefng s\u1ef1 c\u1ed1 x\u1ea3y ra cho c\u00e1c b\u1ea3n sao l\u01b0u d\u1eef li\u1ec7u do c\u00e1c nguy\u00ean nh\u00e2n kh\u00e1ch quan nh\u01b0 kh\u1ee7ng b\u1ed1, thi\u00ean tai, h\u1ecfa ho\u1ea1n.v.v.<\/li>\r\n<li>Vi\u1ec7c sao l\u01b0u s\u1ebd kh\u00f4ng \u0111\u01b0\u1ee3c cung c\u1ea5p cho c\u00e1c t\u00e0i kho\u1ea3n \u0111\u00e3 b\u1ecb ng\u1eebng cung c\u1ea5p ho\u1eb7c x\u00f3a v\u0129nh vi\u1ec5n d\u1ecbch v\u1ee5 v\u00ec b\u1ea5t c\u1ee9 l\u00fd do g\u00ec tr\u1eeb tr\u01b0\u1eddng h\u1ee3p c\u00f3 th\u1ecfa thu\u1eadn kh\u00e1c b\u1eb1ng v\u0103n b\u1ea3n c\u1ee7a c\u1ea3 hai b\u00ean.<\/li>\r\n<li>SBD Telecom ch\u1ec9 c\u00f3 tr\u00e1ch nhi\u1ec7m ph\u1ee5c h\u1ed3i d\u1eef li\u1ec7u to\u00e0n ph\u1ea7n (to\u00e0n b\u1ed9 th\u01b0 m\u1ee5c ch\u1ee9a m\u00e3 ngu\u1ed3n, th\u01b0 m\u1ee5c ch\u1ee9a email ho\u1eb7c to\u00e0n b\u1ed9 c\u01a1 s\u1edf d\u1eef li\u1ec7u) ho\u1eb7c cung c\u1ea5p b\u1ea3n sao l\u01b0u \u0111\u1ec3 kh\u00e1ch h\u00e0ng t\u1ef1 x\u1eed l\u00fd ch\u1ee9 kh\u00f4ng th\u1ef1c hi\u1ec7n vi\u1ec7c ph\u1ee5c h\u1ed3i d\u1eef li\u1ec7u t\u1eebng file ri\u00eang l\u1ebb theo y\u00eau c\u1ea7u c\u1ee7a kh\u00e1ch h\u00e0ng.<\/li>\r\n<\/ol>\r\n<hr \/>\r\n<h2>VI. B\u1ed2I TH\u01af\u1edcNG<\/h2>\r\n<p>Trong tr\u01b0\u1eddng h\u1ee3p SBD Telecom b\u1ecb ki\u1ec7n b\u1edfi c\u00e1c h\u00e0nh vi c\u1ee7a kh\u00e1ch h\u00e0ng, kh\u00e1ch h\u00e0ng ph\u1ea3i tr\u1ea3 t\u1ea5t c\u1ea3 c\u00e1c kho\u1ea3n ph\u00ed bao g\u1ed3m ph\u00ed t\u1ed5n th\u1ea5t, ph\u00ed t\u00f2a \u00e1n.<\/p>\r\n<hr \/>\r\n<h2>VII. THAY \u0110\u1ed4I \u0110I\u1ec0U KHO\u1ea2N S\u1eec D\u1ee4NG<\/h2>\r\n<p>SBD Telecom c\u00f3 th\u1ec3 thay \u0111\u1ed5i, s\u1eeda \u0111\u1ed5i, b\u1ed5 sung ho\u1eb7c thay th\u1ebf n\u1ed9i dung \u0111i\u1ec1u kho\u1ea3n s\u1eed d\u1ee5ng b\u1ea5t c\u1ee9 khi n\u00e0o nh\u1eb1m ph\u00f9 h\u1ee3p v\u1edbi quy \u0111\u1ecbnh c\u1ee7a ph\u00e1p lu\u1eadt n\u01b0\u1edbc C\u1ed9ng h\u00f2a x\u00e3 h\u1ed9i ch\u1ee7 ngh\u0129a Vi\u1ec7t Nam. M\u1ecdi thay \u0111\u1ed5i c\u00f3 hi\u1ec7u l\u1ef1c k\u1ec3 t\u1eeb khi \u0111\u01b0\u1ee3c c\u00f4ng b\u1ed1 tr\u00ean website saobacdautelecom.vn<\/p>\r\n","protected":false},"excerpt":{"rendered":"<p>I. TR\u00c1CH NHI\u1ec6M C\u1ee6A KH\u00c1CH H\u00c0NG Kh\u00e1ch h\u00e0ng s\u1eed d\u1ee5ng d\u1ecbch v\u1ee5 SBD Telecom lu\u00f4n c\u00f3 \u0111\u1ea7y \u0111\u1ee7 c\u00e1c quy\u1ec1n v\u00e0 ngh\u0129a v\u1ee5 c\u1ee7a b\u00ean thu\u00ea d\u1ecbch v\u1ee5 \u2013 theo quy \u0111\u1ecbnh t\u1ea1i B\u1ed9 lu\u1eadt d\u00e2n s\u1ef1 v\u00e0 Lu\u1eadt th\u01b0\u01a1ng m\u1ea1i Vi\u1ec7t Nam. \u0110\u1ec3 \u0111\u1ea3m b\u1ea3o quy\u1ec1n l\u1ee3i t\u1ed1t nh\u1ea5t, Kh\u00e1ch h\u00e0ng c\u0169ng c\u1ea7n tu\u00e2n &#8230; <a title=\"\u0110i\u1ec1u kho\u1ea3n s\u1eed d\u1ee5ng\" class=\"read-more\" href=\"https:\/\/saobacdautelecom.vn\/en\/dieu-khoan-su-dung\/\" aria-label=\"More on \u0110i\u1ec1u kho\u1ea3n s\u1eed d\u1ee5ng\">Read more<\/a><\/p>\n","protected":false},"author":1,"featured_media":0,"parent":0,"menu_order":0,"comment_status":"closed","ping_status":"open","template":"","meta":[],"yoast_head":"<!-- This site is optimized with the Yoast SEO plugin v17.4 - https:\/\/yoast.com\/wordpress\/plugins\/seo\/ -->\n<title>\u0110i\u1ec1u kho\u1ea3n s\u1eed d\u1ee5ng - Sao B\u1eafc \u0110\u1ea9u Telecom<\/title>\n<meta name=\"description\" content=\"Kh\u00e1ch h\u00e0ng s\u1eed d\u1ee5ng d\u1ecbch v\u1ee5 SBD Telecom lu\u00f4n c\u00f3 \u0111\u1ea7y \u0111\u1ee7 c\u00e1c quy\u1ec1n v\u00e0 ngh\u0129a v\u1ee5 c\u1ee7a b\u00ean thu\u00ea d\u1ecbch v\u1ee5 \u2013 theo quy \u0111\u1ecbnh t\u1ea1i B\u1ed9 lu\u1eadt d\u00e2n s\u1ef1 v\u00e0 Lu\u1eadt th\u01b0\u01a1ng m\u1ea1i Vi\u1ec7t Nam\" \/>\n<meta name=\"robots\" content=\"index, follow, max-snippet:-1, max-image-preview:large, max-video-preview:-1\" \/>\n<link rel=\"canonical\" href=\"https:\/\/saobacdautelecom.vn\/en\/dieu-khoan-su-dung\/\" \/>\n<meta property=\"og:locale\" content=\"en_US\" \/>\n<meta property=\"og:type\" content=\"article\" \/>\n<meta property=\"og:title\" content=\"\u0110i\u1ec1u kho\u1ea3n s\u1eed d\u1ee5ng - Sao B\u1eafc \u0110\u1ea9u Telecom\" \/>\n<meta property=\"og:description\" content=\"Kh\u00e1ch h\u00e0ng s\u1eed d\u1ee5ng d\u1ecbch v\u1ee5 SBD Telecom lu\u00f4n c\u00f3 \u0111\u1ea7y \u0111\u1ee7 c\u00e1c quy\u1ec1n v\u00e0 ngh\u0129a v\u1ee5 c\u1ee7a b\u00ean thu\u00ea d\u1ecbch v\u1ee5 \u2013 theo quy \u0111\u1ecbnh t\u1ea1i B\u1ed9 lu\u1eadt d\u00e2n s\u1ef1 v\u00e0 Lu\u1eadt th\u01b0\u01a1ng m\u1ea1i Vi\u1ec7t Nam\" \/>\n<meta property=\"og:url\" content=\"https:\/\/saobacdautelecom.vn\/en\/dieu-khoan-su-dung\/\" \/>\n<meta property=\"og:site_name\" content=\"Sao B\u1eafc \u0110\u1ea9u Telecom\" \/>\n<meta property=\"article:modified_time\" content=\"2022-06-02T03:42:38+00:00\" \/>\n<meta name=\"twitter:card\" content=\"summary_large_image\" \/>\n<meta name=\"twitter:label1\" content=\"Est. reading time\" \/>\n\t<meta name=\"twitter:data1\" content=\"13 minutes\" \/>\n<script type=\"application\/ld+json\" class=\"yoast-schema-graph\">{\"@context\":\"https:\/\/schema.org\",\"@graph\":[{\"@type\":\"WebSite\",\"@id\":\"https:\/\/saobacdautelecom.vn\/#website\",\"url\":\"https:\/\/saobacdautelecom.vn\/\",\"name\":\"Sao B\\u1eafc \\u0110\\u1ea9u Telecom\",\"description\":\"Gi\\u1ea3i ph\\u00e1p chuy\\u1ec3n \\u0111\\u1ed5i s\\u1ed1 to\\u00e0n di\\u1ec7n &amp; hi\\u1ec7u qu\\u1ea3\",\"potentialAction\":[{\"@type\":\"SearchAction\",\"target\":{\"@type\":\"EntryPoint\",\"urlTemplate\":\"https:\/\/saobacdautelecom.vn\/?s={search_term_string}\"},\"query-input\":\"required name=search_term_string\"}],\"inLanguage\":\"en-US\"},{\"@type\":\"WebPage\",\"@id\":\"https:\/\/saobacdautelecom.vn\/en\/dieu-khoan-su-dung\/#webpage\",\"url\":\"https:\/\/saobacdautelecom.vn\/en\/dieu-khoan-su-dung\/\",\"name\":\"\\u0110i\\u1ec1u kho\\u1ea3n s\\u1eed d\\u1ee5ng - Sao B\\u1eafc \\u0110\\u1ea9u Telecom\",\"isPartOf\":{\"@id\":\"https:\/\/saobacdautelecom.vn\/#website\"},\"datePublished\":\"2021-08-07T15:59:09+00:00\",\"dateModified\":\"2022-06-02T03:42:38+00:00\",\"description\":\"Kh\\u00e1ch h\\u00e0ng s\\u1eed d\\u1ee5ng d\\u1ecbch v\\u1ee5 SBD Telecom lu\\u00f4n c\\u00f3 \\u0111\\u1ea7y \\u0111\\u1ee7 c\\u00e1c quy\\u1ec1n v\\u00e0 ngh\\u0129a v\\u1ee5 c\\u1ee7a b\\u00ean thu\\u00ea d\\u1ecbch v\\u1ee5 \\u2013 theo quy \\u0111\\u1ecbnh t\\u1ea1i B\\u1ed9 lu\\u1eadt d\\u00e2n s\\u1ef1 v\\u00e0 Lu\\u1eadt th\\u01b0\\u01a1ng m\\u1ea1i Vi\\u1ec7t Nam\",\"breadcrumb\":{\"@id\":\"https:\/\/saobacdautelecom.vn\/en\/dieu-khoan-su-dung\/#breadcrumb\"},\"inLanguage\":\"en-US\",\"potentialAction\":[{\"@type\":\"ReadAction\",\"target\":[\"https:\/\/saobacdautelecom.vn\/en\/dieu-khoan-su-dung\/\"]}]},{\"@type\":\"BreadcrumbList\",\"@id\":\"https:\/\/saobacdautelecom.vn\/en\/dieu-khoan-su-dung\/#breadcrumb\",\"itemListElement\":[{\"@type\":\"ListItem\",\"position\":1,\"name\":\"Home\",\"item\":\"https:\/\/saobacdautelecom.vn\/en\/\"},{\"@type\":\"ListItem\",\"position\":2,\"name\":\"\\u0110i\\u1ec1u kho\\u1ea3n s\\u1eed d\\u1ee5ng\"}]}]}<\/script>\n<!-- \/ Yoast SEO plugin. -->","yoast_head_json":{"title":"\u0110i\u1ec1u kho\u1ea3n s\u1eed d\u1ee5ng - Sao B\u1eafc \u0110\u1ea9u Telecom","description":"Kh\u00e1ch h\u00e0ng s\u1eed d\u1ee5ng d\u1ecbch v\u1ee5 SBD Telecom lu\u00f4n c\u00f3 \u0111\u1ea7y \u0111\u1ee7 c\u00e1c quy\u1ec1n v\u00e0 ngh\u0129a v\u1ee5 c\u1ee7a b\u00ean thu\u00ea d\u1ecbch v\u1ee5 \u2013 theo quy \u0111\u1ecbnh t\u1ea1i B\u1ed9 lu\u1eadt d\u00e2n s\u1ef1 v\u00e0 Lu\u1eadt th\u01b0\u01a1ng m\u1ea1i Vi\u1ec7t Nam","robots":{"index":"index","follow":"follow","max-snippet":"max-snippet:-1","max-image-preview":"max-image-preview:large","max-video-preview":"max-video-preview:-1"},"canonical":"https:\/\/saobacdautelecom.vn\/en\/dieu-khoan-su-dung\/","og_locale":"en_US","og_type":"article","og_title":"\u0110i\u1ec1u kho\u1ea3n s\u1eed d\u1ee5ng - Sao B\u1eafc \u0110\u1ea9u Telecom","og_description":"Kh\u00e1ch h\u00e0ng s\u1eed d\u1ee5ng d\u1ecbch v\u1ee5 SBD Telecom lu\u00f4n c\u00f3 \u0111\u1ea7y \u0111\u1ee7 c\u00e1c quy\u1ec1n v\u00e0 ngh\u0129a v\u1ee5 c\u1ee7a b\u00ean thu\u00ea d\u1ecbch v\u1ee5 \u2013 theo quy \u0111\u1ecbnh t\u1ea1i B\u1ed9 lu\u1eadt d\u00e2n s\u1ef1 v\u00e0 Lu\u1eadt th\u01b0\u01a1ng m\u1ea1i Vi\u1ec7t Nam","og_url":"https:\/\/saobacdautelecom.vn\/en\/dieu-khoan-su-dung\/","og_site_name":"Sao B\u1eafc \u0110\u1ea9u Telecom","article_modified_time":"2022-06-02T03:42:38+00:00","twitter_card":"summary_large_image","twitter_misc":{"Est. reading time":"13 minutes"},"schema":{"@context":"https:\/\/schema.org","@graph":[{"@type":"WebSite","@id":"https:\/\/saobacdautelecom.vn\/#website","url":"https:\/\/saobacdautelecom.vn\/","name":"Sao B\u1eafc \u0110\u1ea9u Telecom","description":"Gi\u1ea3i ph\u00e1p chuy\u1ec3n \u0111\u1ed5i s\u1ed1 to\u00e0n di\u1ec7n &amp; hi\u1ec7u qu\u1ea3","potentialAction":[{"@type":"SearchAction","target":{"@type":"EntryPoint","urlTemplate":"https:\/\/saobacdautelecom.vn\/?s={search_term_string}"},"query-input":"required name=search_term_string"}],"inLanguage":"en-US"},{"@type":"WebPage","@id":"https:\/\/saobacdautelecom.vn\/en\/dieu-khoan-su-dung\/#webpage","url":"https:\/\/saobacdautelecom.vn\/en\/dieu-khoan-su-dung\/","name":"\u0110i\u1ec1u kho\u1ea3n s\u1eed d\u1ee5ng - Sao B\u1eafc \u0110\u1ea9u Telecom","isPartOf":{"@id":"https:\/\/saobacdautelecom.vn\/#website"},"datePublished":"2021-08-07T15:59:09+00:00","dateModified":"2022-06-02T03:42:38+00:00","description":"Kh\u00e1ch h\u00e0ng s\u1eed d\u1ee5ng d\u1ecbch v\u1ee5 SBD Telecom lu\u00f4n c\u00f3 \u0111\u1ea7y \u0111\u1ee7 c\u00e1c quy\u1ec1n v\u00e0 ngh\u0129a v\u1ee5 c\u1ee7a b\u00ean thu\u00ea d\u1ecbch v\u1ee5 \u2013 theo quy \u0111\u1ecbnh t\u1ea1i B\u1ed9 lu\u1eadt d\u00e2n s\u1ef1 v\u00e0 Lu\u1eadt th\u01b0\u01a1ng m\u1ea1i Vi\u1ec7t Nam","breadcrumb":{"@id":"https:\/\/saobacdautelecom.vn\/en\/dieu-khoan-su-dung\/#breadcrumb"},"inLanguage":"en-US","potentialAction":[{"@type":"ReadAction","target":["https:\/\/saobacdautelecom.vn\/en\/dieu-khoan-su-dung\/"]}]},{"@type":"BreadcrumbList","@id":"https:\/\/saobacdautelecom.vn\/en\/dieu-khoan-su-dung\/#breadcrumb","itemListElement":[{"@type":"ListItem","position":1,"name":"Home","item":"https:\/\/saobacdautelecom.vn\/en\/"},{"@type":"ListItem","position":2,"name":"\u0110i\u1ec1u kho\u1ea3n s\u1eed d\u1ee5ng"}]}]}},"_links":{"self":[{"href":"https:\/\/saobacdautelecom.vn\/en\/wp-json\/wp\/v2\/pages\/845"}],"collection":[{"href":"https:\/\/saobacdautelecom.vn\/en\/wp-json\/wp\/v2\/pages"}],"about":[{"href":"https:\/\/saobacdautelecom.vn\/en\/wp-json\/wp\/v2\/types\/page"}],"author":[{"embeddable":true,"href":"https:\/\/saobacdautelecom.vn\/en\/wp-json\/wp\/v2\/users\/1"}],"replies":[{"embeddable":true,"href":"https:\/\/saobacdautelecom.vn\/en\/wp-json\/wp\/v2\/comments?post=845"}],"version-history":[{"count":9,"href":"https:\/\/saobacdautelecom.vn\/en\/wp-json\/wp\/v2\/pages\/845\/revisions"}],"predecessor-version":[{"id":3923,"href":"https:\/\/saobacdautelecom.vn\/en\/wp-json\/wp\/v2\/pages\/845\/revisions\/3923"}],"wp:attachment":[{"href":"https:\/\/saobacdautelecom.vn\/en\/wp-json\/wp\/v2\/media?parent=845"}],"curies":[{"name":"wp","href":"https:\/\/api.w.org\/{rel}","templated":true}]}}